{"id":1983,"date":"2022-12-11T07:39:48","date_gmt":"2022-12-11T07:39:48","guid":{"rendered":"https:\/\/valerjanromanovski.pl\/mojadrogadorekordu\/?page_id=1983"},"modified":"2022-12-11T10:22:51","modified_gmt":"2022-12-11T10:22:51","slug":"informacje-o-zwrotach","status":"publish","type":"page","link":"https:\/\/valerjanromanovski.pl\/mojadrogadorekordu\/informacje-o-zwrotach\/","title":{"rendered":"Informacje o zwrotach"},"content":{"rendered":"\t\t<div data-elementor-type=\"wp-page\" data-elementor-id=\"1983\" class=\"elementor elementor-1983\">\n\t\t\t\t\t\t\t\t\t<section class=\"elementor-section elementor-top-section elementor-element elementor-element-a73e449 elementor-section-boxed elementor-section-height-default elementor-section-height-default\" data-id=\"a73e449\" data-element_type=\"section\">\n\t\t\t\t\t\t<div class=\"elementor-container elementor-column-gap-default\">\n\t\t\t\t\t<div class=\"elementor-column elementor-col-100 elementor-top-column elementor-element elementor-element-517dd93a\" data-id=\"517dd93a\" data-element_type=\"column\">\n\t\t\t<div class=\"elementor-widget-wrap elementor-element-populated\">\n\t\t\t\t\t\t\t\t<div class=\"elementor-element elementor-element-16c7476b elementor-widget elementor-widget-text-editor\" data-id=\"16c7476b\" data-element_type=\"widget\" data-widget_type=\"text-editor.default\">\n\t\t\t\t<div class=\"elementor-widget-container\">\n\t\t\t<style>\/*! elementor - v3.8.0 - 30-10-2022 *\/\n.elementor-widget-text-editor.elementor-drop-cap-view-stacked .elementor-drop-cap{background-color:#818a91;color:#fff}.elementor-widget-text-editor.elementor-drop-cap-view-framed .elementor-drop-cap{color:#818a91;border:3px solid;background-color:transparent}.elementor-widget-text-editor:not(.elementor-drop-cap-view-default) .elementor-drop-cap{margin-top:8px}.elementor-widget-text-editor:not(.elementor-drop-cap-view-default) .elementor-drop-cap-letter{width:1em;height:1em}.elementor-widget-text-editor .elementor-drop-cap{float:left;text-align:center;line-height:1;font-size:50px}.elementor-widget-text-editor .elementor-drop-cap-letter{display:inline-block}<\/style>\t\t\t\t<p><!-- wp:heading --><\/p>\n<div style=\"margin: 0px 0px 2em; padding: 0px; border: 0px; outline: none 0px; font-size: 14px; background: #ffffff; line-height: 40px; display: flex; justify-content: flex-start; align-items: center; color: #2c3238; font-family: 'Open Sans', sans-serif;\"><span style=\"margin: 10px 0px 0px; padding: 0px; border: 0px; outline: none 0px; font-size: 27px; background: transparent; line-height: 1; display: block; font-weight: bold;\">Informacje o zwrotach<\/span><\/div>\n<div style=\"margin: 0px; padding: 0px; border: 0px; outline: none 0px; background: #ffffff;\">\n<div style=\"margin: 0px; padding: 0px; border: 0px; outline: none 0px; background: transparent;\">\n<p style=\"margin-top: 1em; outline-style: none; font-size: 14px; background-image: initial; background-position: initial; background-size: initial; background-repeat: initial; background-attachment: initial; background-origin: initial; background-clip: initial; color: rgb(44, 50, 56); font-family: &quot;Open Sans&quot;, sans-serif; font-style: normal; font-weight: 400;\">Je\u017celi uwa\u017casz, \u017ce otrzymany produkt nie spe\u0142nia twoich oczekiwa\u0144 masz prawo do odst\u0105pienia od umowy i zwrotu towaru w ci\u0105gu 14 dni bez podania przyczyny.<\/p>\n<p style=\"margin-top: 1em; outline-style: none; font-size: 14px; background-image: initial; background-position: initial; background-size: initial; background-repeat: initial; background-attachment: initial; background-origin: initial; background-clip: initial; color: rgb(44, 50, 56); font-family: &quot;Open Sans&quot;, sans-serif; font-style: normal; font-weight: 400;\">&nbsp;Wype\u0142nij formularz kontaktowy w celu&nbsp;zwrotu towaru (jeden dla ka\u017cdego zwracanego produktu) a nast\u0119pnie prze\u015blij go do nas na adres sklep.vr@gmail.com<\/p>\n<p style=\"margin-top: 1em; outline-style: none; font-size: 14px; background-image: initial; background-position: initial; background-size: initial; background-repeat: initial; background-attachment: initial; background-origin: initial; background-clip: initial; color: rgb(44, 50, 56); font-family: &quot;Open Sans&quot;, sans-serif; font-style: normal; font-weight: 400;\">Produkt musi jednak spe\u0142nia\u0107 dwa warunki:<\/p>\n<ul style=\"margin-top: 1em; margin-bottom: 1em; margin-left: 0px; padding-left: 40px; outline-style: none; font-size: 14px; background-image: initial; background-position: initial; background-size: initial; background-repeat: initial; background-attachment: initial; background-origin: initial; background-clip: initial; color: rgb(44, 50, 56); font-family: &quot;Open Sans&quot;, sans-serif; font-style: normal; font-weight: 400;\">\n<li style=\"outline-style: none; font-size: 14px; background: transparent; line-height: 20px;\">by\u0107 kompletny,<\/li>\n<li style=\"outline-style: none; font-size: 14px; background: transparent; line-height: 20px;\">oraz oryginalnie zapakowany,<\/li>\n<\/ul>\n<p style=\"margin-top: 1em; outline-style: none; font-size: 14px; background-image: initial; background-position: initial; background-size: initial; background-repeat: initial; background-attachment: initial; background-origin: initial; background-clip: initial; color: rgb(44, 50, 56); font-family: &quot;Open Sans&quot;, sans-serif; font-style: normal; font-weight: 400;\">Je\u015bli dany produkt b\u0119dzie u\u017cywany, r\u00f3wnie\u017c nie b\u0119dziemy mogli zaoferowa\u0107 mo\u017cliwo\u015bci jego zwrotu.<\/p>\n<\/div>\n<\/div>\n<p><!-- \/wp:paragraph --><\/p>\t\t\t\t\t\t<\/div>\n\t\t\t\t<\/div>\n\t\t\t\t\t<\/div>\n\t\t<\/div>\n\t\t\t\t\t\t\t<\/div>\n\t\t<\/section>\n\t\t\t\t\t\t\t<\/div>\n\t\t","protected":false},"excerpt":{"rendered":"<p>Informacje o zwrotach Je\u017celi uwa\u017casz, \u017ce otrzymany produkt nie spe\u0142nia twoich oczekiwa\u0144 masz prawo do odst\u0105pienia od umowy i zwrotu towaru w ci\u0105gu 14 dni bez podania przyczyny. &nbsp;Wype\u0142nij formularz kontaktowy w celu&nbsp;zwrotu towaru (jeden dla ka\u017cdego zwracanego produktu) a nast\u0119pnie prze\u015blij go do nas na adres sklep.vr@gmail.com Produkt musi jednak spe\u0142nia\u0107 dwa warunki: by\u0107 &hellip;<\/p>\n<p class=\"read-more\"> <a class=\"\" href=\"https:\/\/valerjanromanovski.pl\/mojadrogadorekordu\/informacje-o-zwrotach\/\"> <span class=\"screen-reader-text\">Informacje o zwrotach<\/span> Read More &raquo;<\/a><\/p>\n","protected":false},"author":1,"featured_media":0,"parent":0,"menu_order":0,"comment_status":"closed","ping_status":"closed","template":"","meta":{"site-sidebar-layout":"no-sidebar","site-content-layout":"page-builder","ast-global-header-display":"","ast-main-header-display":"","ast-hfb-above-header-display":"","ast-hfb-below-header-display":"","ast-hfb-mobile-header-display":"","site-post-title":"disabled","ast-breadcrumbs-content":"","ast-featured-img":"disabled","footer-sml-layout":"","theme-transparent-header-meta":"","adv-header-id-meta":"","stick-header-meta":"","header-above-stick-meta":"","header-main-stick-meta":"","header-below-stick-meta":""},"_links":{"self":[{"href":"https:\/\/valerjanromanovski.pl\/mojadrogadorekordu\/wp-json\/wp\/v2\/pages\/1983"}],"collection":[{"href":"https:\/\/valerjanromanovski.pl\/mojadrogadorekordu\/wp-json\/wp\/v2\/pages"}],"about":[{"href":"https:\/\/valerjanromanovski.pl\/mojadrogadorekordu\/wp-json\/wp\/v2\/types\/page"}],"author":[{"embeddable":true,"href":"https:\/\/valerjanromanovski.pl\/mojadrogadorekordu\/wp-json\/wp\/v2\/users\/1"}],"replies":[{"embeddable":true,"href":"https:\/\/valerjanromanovski.pl\/mojadrogadorekordu\/wp-json\/wp\/v2\/comments?post=1983"}],"version-history":[{"count":14,"href":"https:\/\/valerjanromanovski.pl\/mojadrogadorekordu\/wp-json\/wp\/v2\/pages\/1983\/revisions"}],"predecessor-version":[{"id":2086,"href":"https:\/\/valerjanromanovski.pl\/mojadrogadorekordu\/wp-json\/wp\/v2\/pages\/1983\/revisions\/2086"}],"wp:attachment":[{"href":"https:\/\/valerjanromanovski.pl\/mojadrogadorekordu\/wp-json\/wp\/v2\/media?parent=1983"}],"curies":[{"name":"wp","href":"https:\/\/api.w.org\/{rel}","templated":true}]}}