{"id":86,"date":"2019-01-23T13:24:06","date_gmt":"2019-01-23T13:24:06","guid":{"rendered":"https:\/\/valerjanromanovski.pl\/mojadrogadorekordu\/product\/aluminum-plant\/"},"modified":"2024-07-01T20:16:08","modified_gmt":"2024-07-01T20:16:08","slug":"aluminum-plant","status":"publish","type":"product","link":"https:\/\/valerjanromanovski.pl\/mojadrogadorekordu\/produkt\/aluminum-plant\/","title":{"rendered":"Moja droga do rekordu"},"content":{"rendered":"<p>Ksi\u0105\u017cka ,,Moja droga do rekordu\u201d Valerjana Romanovskiego jest jedyn\u0105 na polskim rynku wydawniczym publikacj\u0105 w kt\u00f3rej Autor na bazie swoich do\u015bwiadcze\u0144 przekazuje czytelnikowi rozleg\u0142\u0105 wiedz\u0119 dotycz\u0105c\u0105 morsowania oraz adaptacji organizmu cz\u0142owieka do przebywania w skrajnie niskich temperaturach i w rekordowo d\u0142ugich okresach. Niejednokrotnie s\u0105 to unikalne informacje dotycz\u0105ce nie tylko przygotowa\u0144, treningu, czy determinacji i motywacji w d\u0105\u017ceniu do postawionego celu, ale tak\u017ce wybranych form regeneracji i wspomagania organizmu m.in. poprzez: sen, suplementacj\u0119 i tlenoterapi\u0119. Autor wskazuje, \u017ce nie tylko poznanie mo\u017cliwo\u015bci swojego cia\u0142a i umys\u0142u, ale przede wszystkim systematyczne samodoskonalenie si\u0119 w obszarze tych sfer mo\u017ce przybli\u017cy\u0107 w znacznym stopniu trenuj\u0105cego do ko\u0144cowego sukcesu. Za regeneracj\u0119 organizmu Valerjana Romanovskiego podczas przygotowa\u0144 do bicia kolejnych dw\u00f3ch rekord\u00f3w Guinnessa odpowiada\u0142 dr hab. Dariusz Mucha, prof. AWF w Krakowie (Kierownik Zak\u0142adu Odnowy Biologicznej i Korekcji Wad Postawy) oraz dr Dawid Mucha specjalizuj\u0105cy si\u0119 w powy\u017cszej problematyce.<\/p>\n<p style=\"text-align: right;\"><span style=\"font-family: Times New Roman, serif;\"><span style=\"font-size: medium;\">dr hab. Dariusz Mucha, prof. AWF<\/span><\/span><\/p>\n<p>Przedstawione w ksi\u0105\u017cce zagadnienia i ich dog\u0142\u0119bna analiza stanowi\u0105 wyj\u0105tkowy materia\u0142 zar\u00f3wno dla trener\u00f3w, fizjoterapeut\u00f3w, psycholog\u00f3w, ale tak\u017ce dla lekarzy wielu specjalno\u015bci. Jest to innowacyjny ,,przewodnik\u201d przybli\u017caj\u0105cy czytelnikowi w holistyczny spos\u00f3b obcowanie cz\u0142owieka ze \u015brodowiskiem wodnym, niskimi temperaturami oraz wybranymi formami odnowy psychosomatycznej.<\/p>\n<p style=\"text-align: right;\"><span style=\"font-family: Times New Roman, serif;\"><span style=\"font-size: medium;\">Dr Dawid Mucha<\/span><\/span><\/p>\n","protected":false},"excerpt":{"rendered":"<p>Przedstawione w ksi\u0105\u017cce zagadnienia i ich dog\u0142\u0119bna analiza stanowi\u0105 wyj\u0105tkowy materia\u0142 zar\u00f3wno dla trener\u00f3w, fizjoterapeut\u00f3w, psycholog\u00f3w, ale tak\u017ce dla lekarzy wielu specjalno\u015bci. Jest to innowacyjny ,,przewodnik\u201d przybli\u017caj\u0105cy czytelnikowi w holistyczny spos\u00f3b obcowanie cz\u0142owieka ze \u015brodowiskiem wodnym, niskimi temperaturami oraz wybranymi formami odnowy psychosomatycznej.<\/p>\n","protected":false},"featured_media":1881,"comment_status":"open","ping_status":"closed","template":"","meta":{"site-sidebar-layout":"default","site-content-layout":"default","ast-global-header-display":"","ast-main-header-display":"","ast-hfb-above-header-display":"","ast-hfb-below-header-display":"","ast-hfb-mobile-header-display":"","site-post-title":"","ast-breadcrumbs-content":"","ast-featured-img":"","footer-sml-layout":"","theme-transparent-header-meta":"default","adv-header-id-meta":"","stick-header-meta":"","header-above-stick-meta":"","header-main-stick-meta":"","header-below-stick-meta":""},"product_cat":[18],"product_tag":[],"_links":{"self":[{"href":"https:\/\/valerjanromanovski.pl\/mojadrogadorekordu\/wp-json\/wp\/v2\/product\/86"}],"collection":[{"href":"https:\/\/valerjanromanovski.pl\/mojadrogadorekordu\/wp-json\/wp\/v2\/product"}],"about":[{"href":"https:\/\/valerjanromanovski.pl\/mojadrogadorekordu\/wp-json\/wp\/v2\/types\/product"}],"replies":[{"embeddable":true,"href":"https:\/\/valerjanromanovski.pl\/mojadrogadorekordu\/wp-json\/wp\/v2\/comments?post=86"}],"wp:featuredmedia":[{"embeddable":true,"href":"https:\/\/valerjanromanovski.pl\/mojadrogadorekordu\/wp-json\/wp\/v2\/media\/1881"}],"wp:attachment":[{"href":"https:\/\/valerjanromanovski.pl\/mojadrogadorekordu\/wp-json\/wp\/v2\/media?parent=86"}],"wp:term":[{"taxonomy":"product_cat","embeddable":true,"href":"https:\/\/valerjanromanovski.pl\/mojadrogadorekordu\/wp-json\/wp\/v2\/product_cat?post=86"},{"taxonomy":"product_tag","embeddable":true,"href":"https:\/\/valerjanromanovski.pl\/mojadrogadorekordu\/wp-json\/wp\/v2\/product_tag?post=86"}],"curies":[{"name":"wp","href":"https:\/\/api.w.org\/{rel}","templated":true}]}}